{"id":4827,"date":"2023-12-27T12:50:32","date_gmt":"2023-12-27T11:50:32","guid":{"rendered":"http:\/\/www.djk-wenighoesbach.de\/?page_id=4827"},"modified":"2024-01-21T18:03:46","modified_gmt":"2024-01-21T17:03:46","slug":"seniorengymnastik","status":"publish","type":"page","link":"https:\/\/www.djk-wenighoesbach.de\/?page_id=4827","title":{"rendered":"Seniorengymnastik"},"content":{"rendered":"<p>Durch Spa\u00df an der Bewegung werden die notwendigen Voraussetzungen zur Erhaltung der Gesundheit, der Lebensqualit\u00e4t und der selbst\u00e4ndigen Alltagsbew\u00e4ltigung bis ins h\u00f6chste Alter auf en hohes Niveau gebracht. Es ist keine Gymnastik im herk\u00f6mmlichen Sinn. Alle Nichtsportler k\u00f6nnen mitmachen. Bewegungen mit Musik sind f\u00fcr M\u00e4nner und Frauen gleich geeignet. Bequeme Kleidung, Sportschuhe und ein Getr\u00e4nk sind mitzubringen.<\/p>\n<p><strong>\u00dcbungsleiter:<\/strong> Heike Bayer<br \/>\n<strong>Termin:<\/strong> Mittwochs von 9:30 bis 10:30 Uhr<\/p>\n<p><span class=\"Apple-converted-space\">\u00a0<\/span><\/p>\n","protected":false},"excerpt":{"rendered":"<p>Durch Spa\u00df an der Bewegung werden die notwendigen Voraussetzungen zur Erhaltung der Gesundheit, der Lebensqualit\u00e4t und der selbst\u00e4ndigen Alltagsbew\u00e4ltigung bis ins h\u00f6chste Alter auf en hohes Niveau gebracht. Es ist keine Gymnastik im herk\u00f6mmlichen Sinn. Alle Nichtsportler k\u00f6nnen mitmachen. Bewegungen mit Musik sind f\u00fcr M\u00e4nner und Frauen gleich geeignet. Bequeme Kleidung, Sportschuhe und ein Getr\u00e4nk [&hellip;]<\/p>\n","protected":false},"author":1,"featured_media":0,"parent":4808,"menu_order":0,"comment_status":"closed","ping_status":"closed","template":"","meta":{"jetpack_post_was_ever_published":false,"footnotes":""},"jetpack_sharing_enabled":true,"jetpack_shortlink":"https:\/\/wp.me\/P6OzWC-1fR","jetpack-related-posts":[],"jetpack_likes_enabled":true,"_links":{"self":[{"href":"https:\/\/www.djk-wenighoesbach.de\/index.php?rest_route=\/wp\/v2\/pages\/4827"}],"collection":[{"href":"https:\/\/www.djk-wenighoesbach.de\/index.php?rest_route=\/wp\/v2\/pages"}],"about":[{"href":"https:\/\/www.djk-wenighoesbach.de\/index.php?rest_route=\/wp\/v2\/types\/page"}],"author":[{"embeddable":true,"href":"https:\/\/www.djk-wenighoesbach.de\/index.php?rest_route=\/wp\/v2\/users\/1"}],"replies":[{"embeddable":true,"href":"https:\/\/www.djk-wenighoesbach.de\/index.php?rest_route=%2Fwp%2Fv2%2Fcomments&post=4827"}],"version-history":[{"count":4,"href":"https:\/\/www.djk-wenighoesbach.de\/index.php?rest_route=\/wp\/v2\/pages\/4827\/revisions"}],"predecessor-version":[{"id":5004,"href":"https:\/\/www.djk-wenighoesbach.de\/index.php?rest_route=\/wp\/v2\/pages\/4827\/revisions\/5004"}],"up":[{"embeddable":true,"href":"https:\/\/www.djk-wenighoesbach.de\/index.php?rest_route=\/wp\/v2\/pages\/4808"}],"wp:attachment":[{"href":"https:\/\/www.djk-wenighoesbach.de\/index.php?rest_route=%2Fwp%2Fv2%2Fmedia&parent=4827"}],"curies":[{"name":"wp","href":"https:\/\/api.w.org\/{rel}","templated":true}]}}