{"id":462,"date":"2010-07-06T10:56:05","date_gmt":"2010-07-06T10:56:05","guid":{"rendered":"http:\/\/www.djk-wenighoesbach.de\/?page_id=462"},"modified":"2010-07-12T10:25:40","modified_gmt":"2010-07-12T10:25:40","slug":"chronik","status":"publish","type":"page","link":"https:\/\/www.djk-wenighoesbach.de\/?page_id=462","title":{"rendered":"Chronik"},"content":{"rendered":"<p>Bereits vor dem 2. Weltkrieg gab es in Wenigh\u00f6sbach sportinteressierte M\u00e4nner, die jedoch in<br \/>\nden umliegenden Sportvereinen Fu\u00dfball spielten.<br \/>\nErste Versuche in den 50er Jahren einen Sportverein zu gr\u00fcnden, scheiterten am fehlenden Sportgel\u00e4nde.<br \/>\nDurch die Initiative von Winfried Stadtm\u00fcller und mit Hilfe der Ortsgeistlichkeit Heinrich Schlereth,<br \/>\nB\u00fcrgermeister Jakob Sauer, Armin Hoffmann und dem damaligen DJK-Kreisvorsitzenden wird am 25. Mai 1962<br \/>\ndie deutsche Jugendkraft (DJK) Wenigh\u00f6sbach ins Leben gerufen.<\/p>\n<p>Gr\u00fcndungsmitglieder: Winfried Stadtm\u00fcller, Jakob Sauer, Armin Hoffmann, Hermann Laumen, Reinhold Bermann, Theo Eckert, Josef Gebert, Egon Gehlert, Helmut Knauf, Rainer Knauf, Toni Maidhof, Hubert Stadtm\u00fcller, Christian Wagner, Theo Bergmann,  Gerhard Ditz, Hermann Gehlert, Klaus Gehlert,  Hugo Kunkel, Manfred Lippert, Arno Neefischer, Erhard Sauer, Theo Schwarzrock, Edgar Sch\u00f6lles, Peter Stenger, Albin Wagner und Rudi Wagner.<\/p>\n<p>Zum 1 Vorsitzenden erkor die Versammlung Herrmann Laumen, dessen Stellvertreter wurde Armin Hoffmann.<br \/>\nnoch im gleichen Jahr wurde der Sportbetrieb aufgenommen, wenn auch zun\u00e4chst nur mit einer A-Jugend.<br \/>\nVorerst noch ohne eigenen Platz, wurden die Heimspiele beim Ortsnachbarn FC Unterafferbach ausgetragen.<\/p>\n<p><em><strong>1962<\/strong><\/em> Erste Teilnahme der A-Jugend in der Verbandsrunde,<br \/>\n            nach Rundenabschluss: 1:27 Punkte, 7:101 Tore.<br \/>\n            1. Vorsitzender hermann Laumen<\/p>\n<p><strong><em>1964<\/em><\/strong> A-Jugend wird kreis- und Di\u00f6zesanmeister in W\u00fcrzburg auf DJK-Ebene.<br \/>\n            13. juli &#8211; Einweihung des ersten Sportplatzes unterhalb der alten Schule<br \/>\n            durch Kaplan Heinrich Schlereth.<\/p>\n<p><strong><em>1965 <\/em><\/strong>A-Jugend wird Pokalsieger des Landkreis Alzenau,<br \/>\n             Fridolin V\u00f6lker wird zum Vereinsvorsitzenden gew\u00e4hlt.<\/p>\n<p><strong><em>1966 <\/em><\/strong>A-Jugend Gruppensieger mit 34:0 Punkten, 109:11 Toren \u00b4<br \/>\n             und Kahlgrund-Jugendmeister<\/p>\n<p><strong><em>1967  <\/em><\/strong>Aufstieg der A-Jugend in die neu ger\u00fcndete Kreisklasse.<\/p>\n<p><strong><em>1968 <\/em><\/strong>Abstieg aus der Kreisklasse<\/p>\n<p><strong><em>1969 <\/em><\/strong>Die 1. Mannschaft wird Meister der C-Klasse Alzenau und steigt in die B-Klasse auf.<\/p>\n<p><strong><em>1970 <\/em><\/strong>Abstieg aus der B-Klasse in die C-Klasse.<br \/>\n            Am 13. Oktober ist der Spatenstich f\u00fcr die neue Sportanlage<br \/>\n            in den Bornwiesen.<br \/>\n            Albert Bergmann wird zum 1. Vereinsvorsitzenden der DJK Wenigh\u00f6sbach gew\u00e4hlt.<\/p>\n<p><strong><em>1971 <\/em><\/strong>Die 1. Mannschaft schafft erneut die Meisterschaft in der C-Klasse Alzenau<br \/>\n           und steigt in die B-Klasse auf.<\/p>\n<p><strong><em>1972 <\/em><\/strong>Der Verein feiert seni 10-j\u00e4hriges Bestehen auf dem alten Sportplatz.<br \/>\n            Abstieg aus der B-Klasse.<br \/>\n            Die C-Sch\u00fclermannschaft wird ungeschlagen Meister.<br \/>\n            Durch die Gemeindegebietsreform schlie\u00dft sich Wenigh\u00f6sbach<br \/>\n            der Gemeinde H\u00f6sbach an.<\/p>\n<p><strong><em>1974 <\/em><\/strong>Fertigstellung und Einweihung des Sportheims und Rasenplatzes<br \/>\n             in den Bornwiesen an Pfingsten.<br \/>\n             Gr\u00fcndung einer Frauengymnastikgruppe.<\/p>\n<p><strong><em>1975 <\/em><\/strong>Ausrichtung und Gewinn des A-Jugend &#8211; Kreisturnier auf DJK-Ebene.<\/p>\n<p><strong><em>1976 <\/em><\/strong>Die C-Jugend wird Meister in ihrer Gruppe.<\/p>\n<p><strong><em>1977  <\/em><\/strong>Die A-Jugend wird Meister in ihrer Gruppe<br \/>\n            und richtet das DJK &#8211; A-Jugend &#8211; Turnier der Di\u00f6zese W\u00fcrzburg aus.<\/p>\n<p><strong><em>1978 <\/em><\/strong>Die 1.Mannschaft wird zum dritten Mal Meister der C-Klasse<br \/>\n            und steigt in die B-Klasse auf.<\/p>\n<p><strong><em>1980 <\/em><\/strong>Gewinndes Ortspokals der Gemeinde H\u00f6sbach in H\u00f6sbach durch die 1.Mannschaft.<br \/>\n             Fridolin V\u00f6lker \u00fcbernimmt erneut das Amt als 1. Vorsitzender.<\/p>\n<p><strong><em>1981 <\/em><\/strong>Gr\u00fcndung einer Fu\u00dfballdamenmannschaft.<br \/>\n            Das Ortspokalturnier findet in Wenigh\u00f6sbach statt,<br \/>\n            die DJK belegt Platz 4 von 5 teilnehmenden Mannschaften.<br \/>\n            Eine Flutlichtanlage f\u00fcr den &quot;Hartplatz&quot; wird angeschafft.<\/p>\n<p><strong><em>1982 <\/em><\/strong>Gr\u00fcndung einer Tischtennisabteilung.<br \/>\n             Baubeginn des &quot;Allwetterplatzes&quot; mit Unterst\u00fctzung<br \/>\n             der Gemeinde H\u00f6sbach.<br \/>\n             20-j\u00e4hriges Gr\u00fcndungsfest.<br \/>\n             Winfried Stadtm\u00fcller lenkt als Vereinsvorsitzender den Kurs der DJK.<\/p>\n<p><strong><em>1983 <\/em><\/strong>Die 1. Mannschaft gewinnt zum 2. Mal den Ortspokal.<br \/>\n             Die B-Jugend wird Meister in ihrer Gruppe mit 25:1 Punkten und 70:8 Toren.<br \/>\n             Die 1. Mannschaft belegt Tabellenplatz 6.<\/p>\n<p><strong><em>1984 <\/em><\/strong>Der Ortspokal wird erfolgreich verteidigt.<br \/>\n             Die D- und B-Jugend werden Miester in ihren Gruppen.<br \/>\n             Der &quot;Allwetterplatz&quot; wird in Betrieb genommen.<br \/>\n             Eine Skigymnastikabteilung nimmt unter Erich Orschler<br \/>\n             w\u00e4hrend der Wintermonate im Sportheim ihren Trainingsbetrieb auf.<br \/>\n             Die Fu\u00dfball-Damenmannschaft l\u00f6st sich auf.<br \/>\n             Die Vereinsmitglieder w\u00e4hlen Gerhard Bauer zum 1.Vorsitzenden.<\/p>\n<p><strong><em>1985 <\/em><\/strong>Die A- und C-Jugend erringen jeweils den Meistertitel.<br \/>\n             Die A-Jugend belegt beim &quot;Bayernschild&quot; den 2.Platz.<br \/>\n             Das erste Jedermannturnier der Wenigh\u00f6sbacher Ortsvereine wird veranstaltet,<br \/>\n             1.Preis: 15 Glas Bier und eine Flasche Sekt.<\/p>\n<p><strong><em>1986 <\/em><\/strong>Die A-Jugend wird erneut Meister und steigt in die Kreisklasse auf.<br \/>\n             Gewinn des Di\u00f6zesanturnier und des &quot;Bayernschild&quot; auf DJK-Ebene<br \/>\n             in Altdorf bei Landshut.<br \/>\n             Die 1. Mannschaft wird Meister in der B-Klasse Alzenau und steigt<br \/>\n             in die A-Klasse Aschaffenburg (heutige Kreisliga) auf.<br \/>\n             Die AH-Mannschaft ist Gastgeber der AH-Di\u00f6zesan-Meisterschaft.<\/p>\n<p><strong><em>1987 <\/em><\/strong>Die TT-Abteilung wird ungeschlagen Meister und steigt in die 3. Kreisliga auf.<br \/>\n            Die 1. Mannschaft (Fu\u00dfball) kann sich in der A-Klasse halten.<br \/>\n            Der Verein feiert sein 25-j\u00e4hriges Bestehen mit einem Fest in den Bornwiesen.<\/p>\n<p><strong><em>1988 <\/em><\/strong>Die DJK nimmt zum ersten Mal am gemeinsamen Kirchgang der Wenigh\u00f6sbacher<br \/>\n             Ortsvereine teil.<br \/>\n             Die 1. Mannschaft steigt aus der A-Klasse ab.<br \/>\n             Die F-Jugend wird Meister in der Gruppe Alzenau.<\/p>\n<p><strong><em>1989 <\/em><\/strong>Der Jahresbeitrag wird auf 42DM angehoben.<br \/>\n             Die DJK Wenigh\u00f6sbach beteiligt sich<br \/>\n             an der 800-Jahr Feier der Gemeinde H\u00f6sbach.<br \/>\n             Der Vereinsausflug f\u00fchrt uns in die alte Reichsstadt N\u00fcrnberg.<\/p>\n<p><strong><em>1990 <\/em><\/strong>Der diesj\u00e4hrige Vereinsausflug f\u00fchrt an den W\u00f6rthersee in K\u00e4rnten.<\/p>\n<p><strong><em>1991 <\/em><\/strong>Die Faschingsveranstaltungen werden aufgrund des Golfkriegs abgesagt,<br \/>\n            der &quot;Kinderfasching&quot; mit einer Schneebar wird ein Erfolg.<br \/>\n            Die 1. Mannschaft belegt in der abgeschlossenen Saison den 4. Tabellenplatz,<br \/>\n            die 2. Mannschaft den zweiten.<\/p>\n<p><strong><em>1992 <\/em><\/strong>Die DJK feiert ihr 30-j\u00e4hriges Bestehen mit einer Sportwerbewoche.<br \/>\n            Friedel V\u00f6lker, Emil Gehlert und Franz V\u00f6lker werden zu Ehrenmitgliedern ernannt.<br \/>\n            Die Tischtennisabteilung ist 10 Jahre alt.<\/p>\n<p><strong><em>1993 <\/em><\/strong>Der Mitgliedsbeitrag wird auf 48DM erh\u00f6ht.<br \/>\n            Das Sportheim wird an das \u00f6ffentliche Kanalnetz angebunden.<br \/>\n            Die 1. Mannschaft belegt den 5.Tabellenplatz, die 2. Mannschaft wird Meister.<\/p>\n<p><strong><em>1994 <\/em><\/strong>Das Di\u00f6zesan Jugendturnier der A-Jugend findet in Wenigh\u00f6sbach statt.<br \/>\n            Die 2. Mannschaft sichert sich die &quot;Vizemeisterschaft&quot;.<br \/>\n            Die A-Jugend belegt beim Bayernschild in N\u00fcrnberg den 2.Platz.<br \/>\n            Der diesj\u00e4hrige Vereinsausflug f\u00fchrt uns nach Hamburg.<\/p>\n<p><strong><em>1995 <\/em><\/strong>Das Jedermannturnier wird zum 10ten Mal ausgerichtet.<br \/>\n            Die Jugendabteilung f\u00e4hrt zum Bundesligisten 1.FC Kaiserslautern<br \/>\n            an den &quot;Betzenberg&quot; und an die &quot;S\u00e4bener Str.&quot; zum FC Bayern M\u00fcnchen.<\/p>\n<p><strong><em>1996 <\/em><\/strong>Der Mitgliedsbeitrag wird auf 60DM angehoben.<br \/>\n            Die 1. Mannschaft steigt in die C-Klasse ab.<\/p>\n<p><strong><em>1997 <\/em><\/strong>Das Marktpokalturnierfindet in Wenigh\u00f6sbach statt.<br \/>\n           Die DJK besiegt im Endspiel H\u00f6sbach-Bahnhof mit 3:1 und gewinnt dieses Turnier<br \/>\n           als erste C-Klassen Mannschaft.<br \/>\n           Die C-Jugend wird Meister ihrer Gruppe und steigt in die Kreisliga auf.<br \/>\n           Der Jahresbeitrag erh\u00f6ht sich auf 72DM.<\/p>\n<p><strong><em>1998 <\/em><\/strong>Die DJK Wenigh\u00f6sbach ist mit insgesamt 13 gemeldeten Personen beim<br \/>\n             Aschaffenburger City-Lauf vertreten.<br \/>\n             Die 1. Mannschaft schlie\u00dft die Verbandsrunde mit dem 7.,<br \/>\n             die 2. Manschaft mit dem 4. Tabellenplatz ab.<\/p>\n<p><strong><em>1999 <\/em><\/strong>An Stelle von Weihnachtsgeschenken bedenkt die DJK<br \/>\n            den Kindergarten von Wenigh\u00f6sbach<br \/>\n            und das Wohnheim der Caritas in der Freundstra\u00dfe von Schweinheim<br \/>\n            jeweils mit einer Spende von 500DM.<br \/>\n            Der Mitgliedsbeitrag wird auf 84DM\/Jahr angehoben.<br \/>\n            Die Frauengymnastikabteilung wird 25 Jahre alt.<\/p>\n<p><strong><em>2000 <\/em><\/strong>Der erste Waldweihnachtsmarkt der Wenigh\u00f6sbacher Ortsvereine findet statt.<br \/>\n              Franz-Josef Sauer wird zum 1.Vorstand gew\u00e4hlt.<br \/>\n              Der Vereinsausflug f\u00fchrt in diesem Jahr ins Vogtland.<br \/>\n              Der Anbau f\u00fcr Ger\u00e4te am Sportheim<br \/>\n              und die Terassenverl\u00e4ngerung wird durchgef\u00fchrt.<br \/>\n              Die 1. Mannschaft schlie\u00dft die Runde mit dem 6. Tabellenplatz ab,<br \/>\n              die Reserve wird Siebter.<\/p>\n<p><strong><em>2001 <\/em><\/strong>Das Jedermannturnier wird mit einem V\u00f6lkerballturnier erweitert.<br \/>\n             Der Rasenplatz wird saniert: Kosten ~8.000DM<br \/>\n             Die 1. Mannschaft belegt in der Verbandsrunde Platz 11,<br \/>\n             die Reserve beendet die Saison mit PLatz 5.<\/p>\n<p><strong><em>2002 <\/em><\/strong>Der Euro wird eingef\u00fchrt, der Mitgliedsbeitrag betr\u00e4gt 43\u20ac.<br \/>\n              Der Verein feiert am 21.Juli sein 40 j\u00e4hriges Bestehen<br \/>\n              mit einer Open Air Veranstaltung mit der Kapelle Gegenlicht.<br \/>\n              Frida V\u00f6lker, Karl Freund, Ottmar V\u00f6lker, Thomas Bathon, Theo Eckert<br \/>\n              und Peter Mielke werden zu Ehrenmitgliedern ernannt.<br \/>\n              Die AH-Abteilung gibt einen Zuschuss in H\u00f6he von 1.000\u20ac<br \/>\n              f\u00fcr die Beschaffung von Toren f\u00fcr die Jugendabteilung.<br \/>\n              Die 1. Mannschaft schlie\u00dft die Saison mit dem 11. Platz ab.<br \/>\n              Der Kurs R\u00fcckenschule wird erstmals veranstaltet.<\/p>\n<p><strong><em>2003 <\/em><\/strong>Die 1. Mannschaft schllie\u00dft die Verbandsrunde mit dem 9.Tabellenplatz ab.<br \/>\n              Unter Nadine Bathon wird eine Tanzgruppe f\u00fcr M\u00e4dchen ins Leben gerufen.<br \/>\n              Mittlerweile z\u00e4hlt diese Abteilung ~60 M\u00e4dchen und 2 Jungen<br \/>\n              im Alter von 5-16 Jahren.<\/p>\n<p><strong><em>2004 <\/em><\/strong>Mit Ingrid Sch\u00fc\u00dfler wird zum ersten Mal in der Vereinsgeschichte eine Frau<br \/>\n              zum 3. Vorsitzenden gew\u00e4hlt.<br \/>\n              Anl\u00e4sslich des historischen Dorffestes in H\u00f6sbach beteiligt sich<br \/>\n              die DJK mit insgesamt 15 Personen am &quot;Jocher Stand&quot;.<br \/>\n              Die Vorstandschaft setzt eine Pr\u00e4mie in H\u00f6he von 2.000\u20ac<br \/>\n              f\u00fcr die 1.Mannschaft f\u00fcr das Erreichen des 1. oder 2. Tabellenplatz aus.<br \/>\n              Zu Saisonschluss belegt sie den Tabellenplatz 13.<br \/>\n              Wegen Spielermangel stellt die 2. Mannschaft w\u00e4hrend der Saison<br \/>\n              ihren Spielbetrieb ein.<\/p>\n<p><strong><em>2005 <\/em><\/strong>Da die Vereinssatzung aus dem Jahr 1962 nicht mehr zeitgem\u00e4\u00df ist,<br \/>\n              wird auf der Generalversammlung der Entwurf<br \/>\n              der neuen Vereinssatzung  vorgestellt.<\/p>\n<p><strong><em>2006 <\/em><\/strong>Sigrid Staab wird an der Generalversammlung als erstes weibliches Mitglied<br \/>\n              zum Kassier gew\u00e4hlt.<br \/>\n              Ein neuer Rasenm\u00e4her f\u00fcr 12852\u20ac  wird gekauft.<br \/>\n              Der Hallenbau am Waldrand wird realisiert.<br \/>\n              Die neue Vereinssatzung wird beim Registergericht Aschaffenburg<br \/>\n              zur Genehmigung eingereicht.<\/p>\n<p><strong><em>2007 <\/em><\/strong>Die DJK Wenigh\u00f6sbach kann wenn auch nur mit Spielgemeinschaften,<br \/>\n              alle Juniorenmannschaften (G &#8211; A Junioren)<br \/>\n              an den Verbandsrunden melden.<br \/>\n              Der, vom Elektrizit\u00e4tswerk Goldbach &#8211; H\u00f6sbach unterst\u00fctzte Energie-Cup,<br \/>\n              wird von der DJK Wenigh\u00f6sbach vom 16.07. &#8211; 22.07.07 ausgerichtet.<\/p>\n","protected":false},"excerpt":{"rendered":"<p>Bereits vor dem 2. Weltkrieg gab es in Wenigh\u00f6sbach sportinteressierte M\u00e4nner, die jedoch in den umliegenden Sportvereinen Fu\u00dfball spielten. Erste Versuche in den 50er Jahren einen Sportverein zu gr\u00fcnden, scheiterten am fehlenden Sportgel\u00e4nde. Durch die Initiative von Winfried Stadtm\u00fcller und mit Hilfe der Ortsgeistlichkeit Heinrich Schlereth, B\u00fcrgermeister Jakob Sauer, Armin Hoffmann und dem damaligen DJK-Kreisvorsitzenden [&hellip;]<\/p>\n","protected":false},"author":1,"featured_media":0,"parent":5,"menu_order":0,"comment_status":"closed","ping_status":"closed","template":"","meta":{"jetpack_post_was_ever_published":false,"footnotes":""},"jetpack_sharing_enabled":true,"jetpack_shortlink":"https:\/\/wp.me\/P6OzWC-7s","jetpack-related-posts":[],"jetpack_likes_enabled":true,"_links":{"self":[{"href":"https:\/\/www.djk-wenighoesbach.de\/index.php?rest_route=\/wp\/v2\/pages\/462"}],"collection":[{"href":"https:\/\/www.djk-wenighoesbach.de\/index.php?rest_route=\/wp\/v2\/pages"}],"about":[{"href":"https:\/\/www.djk-wenighoesbach.de\/index.php?rest_route=\/wp\/v2\/types\/page"}],"author":[{"embeddable":true,"href":"https:\/\/www.djk-wenighoesbach.de\/index.php?rest_route=\/wp\/v2\/users\/1"}],"replies":[{"embeddable":true,"href":"https:\/\/www.djk-wenighoesbach.de\/index.php?rest_route=%2Fwp%2Fv2%2Fcomments&post=462"}],"version-history":[{"count":27,"href":"https:\/\/www.djk-wenighoesbach.de\/index.php?rest_route=\/wp\/v2\/pages\/462\/revisions"}],"predecessor-version":[{"id":464,"href":"https:\/\/www.djk-wenighoesbach.de\/index.php?rest_route=\/wp\/v2\/pages\/462\/revisions\/464"}],"up":[{"embeddable":true,"href":"https:\/\/www.djk-wenighoesbach.de\/index.php?rest_route=\/wp\/v2\/pages\/5"}],"wp:attachment":[{"href":"https:\/\/www.djk-wenighoesbach.de\/index.php?rest_route=%2Fwp%2Fv2%2Fmedia&parent=462"}],"curies":[{"name":"wp","href":"https:\/\/api.w.org\/{rel}","templated":true}]}}