{"id":4420,"date":"2022-07-06T14:22:23","date_gmt":"2022-07-06T13:22:23","guid":{"rendered":"http:\/\/www.djk-wenighoesbach.de\/?page_id=4420"},"modified":"2022-07-17T18:08:52","modified_gmt":"2022-07-17T17:08:52","slug":"energie-cup","status":"publish","type":"page","link":"https:\/\/www.djk-wenighoesbach.de\/?page_id=4420","title":{"rendered":"Energie-Cup 2022"},"content":{"rendered":"\n<p class=\"has-medium-font-size\">Hier der Link zum <a href=\"https:\/\/www.bfv.de\/wettbewerbe\/turniere\/19-energie-cup\/02IHL5EM5G000000VS5489B4VUIHV7I0-C\"><span style=\"color: #339966;\">20. Energie Cup<\/span><\/a> (inkl. Liveticker) in den Bornwiesen.<\/p>\n\n\n\n<h2 class=\"wp-block-heading\">Fairplaytabelle<\/h2>\n\n\n\n<figure class=\"wp-block-table is-style-stripes\" style=\"font-size:14px\"><table><tbody><tr><td><\/td><td><strong>Verein<\/strong><\/td><td class=\"has-text-align-center\" data-align=\"center\"><strong>Gelb<\/strong><\/td><td class=\"has-text-align-center\" data-align=\"center\"><strong>10 Min.<\/strong><\/td><td class=\"has-text-align-center\" data-align=\"center\"><strong>Gelb-Rot<\/strong><\/td><td class=\"has-text-align-center\" data-align=\"center\"><strong>Rot<\/strong><\/td><td class=\"has-text-align-right\" data-align=\"right\"><strong>Gesamt<\/strong><\/td><\/tr><tr><td>1.<\/td><td>SG Rottenberg\/Feldkahl<\/td><td class=\"has-text-align-center\" data-align=\"center\">1<\/td><td class=\"has-text-align-center\" data-align=\"center\"><\/td><td class=\"has-text-align-center\" data-align=\"center\"><\/td><td class=\"has-text-align-center\" data-align=\"center\"><\/td><td class=\"has-text-align-right\" data-align=\"right\">1<\/td><\/tr><tr><td>2.<\/td><td>SpVgg H\u00f6sbach-Bahnhof<\/td><td class=\"has-text-align-center\" data-align=\"center\">2<\/td><td class=\"has-text-align-center\" data-align=\"center\">1<\/td><td class=\"has-text-align-center\" data-align=\"center\"><\/td><td class=\"has-text-align-center\" data-align=\"center\"><\/td><td class=\"has-text-align-right\" data-align=\"right\">3<\/td><\/tr><tr><td>3.<\/td><td>VfR Goldbach<\/td><td class=\"has-text-align-center\" data-align=\"center\">4<\/td><td class=\"has-text-align-center\" data-align=\"center\"><\/td><td class=\"has-text-align-center\" data-align=\"center\"><\/td><td class=\"has-text-align-center\" data-align=\"center\"><\/td><td class=\"has-text-align-right\" data-align=\"right\">4<\/td><\/tr><tr><td>4.<\/td><td>FC Unterafferbach<\/td><td class=\"has-text-align-center\" data-align=\"center\">5<\/td><td class=\"has-text-align-center\" data-align=\"center\"><\/td><td class=\"has-text-align-center\" data-align=\"center\"><\/td><td class=\"has-text-align-center\" data-align=\"center\"><\/td><td class=\"has-text-align-right\" data-align=\"right\">5<\/td><\/tr><tr><td>5.<\/td><td>SG DJK Wenigh\u00f6sbach<\/td><td class=\"has-text-align-center\" data-align=\"center\">5<\/td><td class=\"has-text-align-center\" data-align=\"center\">1<\/td><td class=\"has-text-align-center\" data-align=\"center\"><\/td><td class=\"has-text-align-center\" data-align=\"center\"><\/td><td class=\"has-text-align-right\" data-align=\"right\">6<\/td><\/tr><tr><td>6.<\/td><td>FC H\u00f6sbach<\/td><td class=\"has-text-align-center\" data-align=\"center\">9<\/td><td class=\"has-text-align-center\" data-align=\"center\"><\/td><td class=\"has-text-align-center\" data-align=\"center\"><\/td><td class=\"has-text-align-center\" data-align=\"center\"><\/td><td class=\"has-text-align-right\" data-align=\"right\">9<\/td><\/tr><tr><td>7.<\/td><td>SG Oberafferbach\/Glattbach<\/td><td class=\"has-text-align-center\" data-align=\"center\">5<\/td><td class=\"has-text-align-center\" data-align=\"center\"><\/td><td class=\"has-text-align-center\" data-align=\"center\"><\/td><td class=\"has-text-align-center\" data-align=\"center\">1<\/td><td class=\"has-text-align-right\" data-align=\"right\">10<\/td><\/tr><\/tbody><\/table><figcaption>Gelb = 1 \/ 10 Min. = 1 \/ Gelb-Rot = 3 \/ Rot = 5<\/figcaption><\/figure>\n","protected":false},"excerpt":{"rendered":"<p>Hier der Link zum 20. Energie Cup (inkl. Liveticker) in den Bornwiesen. Fairplaytabelle Verein Gelb 10 Min. Gelb-Rot Rot Gesamt 1. SG Rottenberg\/Feldkahl 1 1 2. SpVgg H\u00f6sbach-Bahnhof 2 1 3 3. VfR Goldbach 4 4 4. FC Unterafferbach 5 5 5. SG DJK Wenigh\u00f6sbach 5 1 6 6. FC H\u00f6sbach 9 9 7. SG [&hellip;]<\/p>\n","protected":false},"author":3,"featured_media":0,"parent":0,"menu_order":0,"comment_status":"closed","ping_status":"closed","template":"","meta":{"jetpack_post_was_ever_published":false,"footnotes":""},"jetpack_sharing_enabled":true,"jetpack_shortlink":"https:\/\/wp.me\/P6OzWC-19i","jetpack-related-posts":[],"jetpack_likes_enabled":true,"_links":{"self":[{"href":"https:\/\/www.djk-wenighoesbach.de\/index.php?rest_route=\/wp\/v2\/pages\/4420"}],"collection":[{"href":"https:\/\/www.djk-wenighoesbach.de\/index.php?rest_route=\/wp\/v2\/pages"}],"about":[{"href":"https:\/\/www.djk-wenighoesbach.de\/index.php?rest_route=\/wp\/v2\/types\/page"}],"author":[{"embeddable":true,"href":"https:\/\/www.djk-wenighoesbach.de\/index.php?rest_route=\/wp\/v2\/users\/3"}],"replies":[{"embeddable":true,"href":"https:\/\/www.djk-wenighoesbach.de\/index.php?rest_route=%2Fwp%2Fv2%2Fcomments&post=4420"}],"version-history":[{"count":31,"href":"https:\/\/www.djk-wenighoesbach.de\/index.php?rest_route=\/wp\/v2\/pages\/4420\/revisions"}],"predecessor-version":[{"id":4496,"href":"https:\/\/www.djk-wenighoesbach.de\/index.php?rest_route=\/wp\/v2\/pages\/4420\/revisions\/4496"}],"wp:attachment":[{"href":"https:\/\/www.djk-wenighoesbach.de\/index.php?rest_route=%2Fwp%2Fv2%2Fmedia&parent=4420"}],"curies":[{"name":"wp","href":"https:\/\/api.w.org\/{rel}","templated":true}]}}