{"id":414,"date":"2010-06-11T06:30:32","date_gmt":"2010-06-11T05:30:32","guid":{"rendered":"http:\/\/www.djk-wenighoesbach.de\/?page_id=414"},"modified":"2023-12-27T13:26:32","modified_gmt":"2023-12-27T12:26:32","slug":"tischtennis","status":"publish","type":"page","link":"https:\/\/www.djk-wenighoesbach.de\/?page_id=414","title":{"rendered":"Tischtennis"},"content":{"rendered":"<p>Im Jahre 1982 nahm unter der Leitung von Ottmar V\u00f6lker diese Abteilung den Spielbetrieb auf. Spieler der ersten Stunde waren:<br \/>\nBruno Bergmann, G\u00fcnther Bieber, Georg Bergmann, Walther Leuschner, Ottmar V\u00f6lker und Burkhard Freund.<br \/>\n1986\/87 konnte diese Abteilung den Meistertitel in der 4. Bezirksliga verzeichnen.<br \/>\nInzwischen feierte diese Abteilung Ihr 25.j\u00e4hriges Jubil\u00e4um und kann 3 Herren- sowie eine Damen- und eine Jugendabteilung verzeichnen.<\/p>\n<p><strong>Trainingszeiten:<\/strong><\/p>\n<p>Dienstag 18.00 Uhr bis 22.00 Uhr<br \/>\nMittwoch 19.00 Uhr bis 22.00 Uhr<\/p>\n<p>Kultur- und Sportpark H\u00f6sbach<\/p>\n<p><strong>Ansprechpartner:\u00a0<\/strong><\/p>\n<p>Christian V\u00f6lker<\/p>\n<p>Roland Maidhof<br \/>\nAdresse: Am B\u00fcchelsberg 2, 63768 H\u00f6sbach<br \/>\nTel: 06021\/550142<\/p>\n<p><iframe loading=\"lazy\" src=\"https:\/\/www.mytischtennis.de\/club-module\/club\/teams\/clubNr\/101095\/fedNickname\/ByTTV\" height=\"400\" width=\"520\"> <\/iframe><\/p>\n<p><iframe loading=\"lazy\" src=\"https:\/\/www.mytischtennis.de\/club-module\/club\/qttrlist\/clubNr\/101095\/fedNickname\/ByTTV\" height=\"400\" width=\"520\"> <\/iframe><\/p>\n<p>&nbsp;<\/p>\n","protected":false},"excerpt":{"rendered":"<p>Im Jahre 1982 nahm unter der Leitung von Ottmar V\u00f6lker diese Abteilung den Spielbetrieb auf. Spieler der ersten Stunde waren: Bruno Bergmann, G\u00fcnther Bieber, Georg Bergmann, Walther Leuschner, Ottmar V\u00f6lker und Burkhard Freund. 1986\/87 konnte diese Abteilung den Meistertitel in der 4. Bezirksliga verzeichnen. Inzwischen feierte diese Abteilung Ihr 25.j\u00e4hriges Jubil\u00e4um und kann 3 Herren- [&hellip;]<\/p>\n","protected":false},"author":1,"featured_media":0,"parent":1478,"menu_order":0,"comment_status":"closed","ping_status":"closed","template":"","meta":{"jetpack_post_was_ever_published":false,"footnotes":""},"jetpack_sharing_enabled":true,"jetpack_shortlink":"https:\/\/wp.me\/P6OzWC-6G","jetpack-related-posts":[],"jetpack_likes_enabled":true,"_links":{"self":[{"href":"https:\/\/www.djk-wenighoesbach.de\/index.php?rest_route=\/wp\/v2\/pages\/414"}],"collection":[{"href":"https:\/\/www.djk-wenighoesbach.de\/index.php?rest_route=\/wp\/v2\/pages"}],"about":[{"href":"https:\/\/www.djk-wenighoesbach.de\/index.php?rest_route=\/wp\/v2\/types\/page"}],"author":[{"embeddable":true,"href":"https:\/\/www.djk-wenighoesbach.de\/index.php?rest_route=\/wp\/v2\/users\/1"}],"replies":[{"embeddable":true,"href":"https:\/\/www.djk-wenighoesbach.de\/index.php?rest_route=%2Fwp%2Fv2%2Fcomments&post=414"}],"version-history":[{"count":42,"href":"https:\/\/www.djk-wenighoesbach.de\/index.php?rest_route=\/wp\/v2\/pages\/414\/revisions"}],"predecessor-version":[{"id":4846,"href":"https:\/\/www.djk-wenighoesbach.de\/index.php?rest_route=\/wp\/v2\/pages\/414\/revisions\/4846"}],"up":[{"embeddable":true,"href":"https:\/\/www.djk-wenighoesbach.de\/index.php?rest_route=\/wp\/v2\/pages\/1478"}],"wp:attachment":[{"href":"https:\/\/www.djk-wenighoesbach.de\/index.php?rest_route=%2Fwp%2Fv2%2Fmedia&parent=414"}],"curies":[{"name":"wp","href":"https:\/\/api.w.org\/{rel}","templated":true}]}}