{"id":41,"date":"2010-02-25T10:54:15","date_gmt":"2010-02-25T10:54:15","guid":{"rendered":"http:\/\/www.djk-wenighoesbach.de\/?page_id=41"},"modified":"2022-11-20T13:28:34","modified_gmt":"2022-11-20T12:28:34","slug":"1-mannschaft","status":"publish","type":"page","link":"https:\/\/www.djk-wenighoesbach.de\/?page_id=41","title":{"rendered":"Aktive Herren"},"content":{"rendered":"<p>Unsere &#8222;Aktive&#8220; stellt in einer SG mit der Spvgg H\u00f6sbach Bahnhof 2 Mannschaften.<\/p>\n<p>Trainiert wird Mittwochs und Freitags um 19 Uhr auf den Pl\u00e4tzen<br \/>\nin Wenigh\u00f6sbach und H\u00f6sbach -Bahnhof.<\/p>\n<p>Das Training der\u00a0SG DJK Wenigh\u00f6sbach leitet Tobias Debus.<br \/>\nDie SG SpVgg H\u00f6sbach Bahnhof II trainiert zusammen mit der SpVgg H\u00f6sbach Bahnhof I<br \/>\nunter der Leitung von Andreas Elsner und J\u00fcrgen Baier.<\/p>\n<p><script type='text\/javascript' src=\"https:\/\/widget-prod.bfv.de\/widget\/widgetresource\/widgetjs\"><\/script><\/p>\n<div id=\"bfv1668947148712\">Laden&#8230;<\/div>\n<p><script>\nBFVWidget.HTML5.zeigeWettbewerbsTabelle(\"02IFE0OR54000006VS5489B4VUIHV7I0-G\", \"bfv1668947148712\", { height: \"600\",  width: \"350\" , teamPermanentId: \"016PJSVIIS000000VV0AG811VUDIC8D7\", colorResults: \"undefined\" , colorNav: \"undefined\" , colorClubName : \"undefined\" , backgroundNav: \"undefined\"});\n<\/script><\/p>\n<div id=\"bfv1668947287028\">Laden&#8230;<\/div>\n<p><script>\nBFVWidget.HTML5.zeigeWettbewerbsTabelle(\"02ID6OSKTS000006VS5489B4VUIHV7I0-G\", \"bfv1668947287028\", { height: \"600\",  width: \"350\" , teamPermanentId: \"016PE56860000000VV0AG811VTE5EA5R\", colorResults: \"undefined\" , colorNav: \"undefined\" , colorClubName : \"undefined\" , backgroundNav: \"undefined\"});\n<\/script><\/p>\n","protected":false},"excerpt":{"rendered":"<p>Unsere &#8222;Aktive&#8220; stellt in einer SG mit der Spvgg H\u00f6sbach Bahnhof 2 Mannschaften. Trainiert wird Mittwochs und Freitags um 19 Uhr auf den Pl\u00e4tzen in Wenigh\u00f6sbach und H\u00f6sbach -Bahnhof. Das Training der\u00a0SG DJK Wenigh\u00f6sbach leitet Tobias Debus. Die SG SpVgg H\u00f6sbach Bahnhof II trainiert zusammen mit der SpVgg H\u00f6sbach Bahnhof I unter der Leitung von [&hellip;]<\/p>\n","protected":false},"author":1,"featured_media":0,"parent":8,"menu_order":0,"comment_status":"closed","ping_status":"closed","template":"","meta":{"jetpack_post_was_ever_published":false,"footnotes":""},"jetpack_sharing_enabled":true,"jetpack_shortlink":"https:\/\/wp.me\/P6OzWC-F","jetpack-related-posts":[],"jetpack_likes_enabled":true,"_links":{"self":[{"href":"https:\/\/www.djk-wenighoesbach.de\/index.php?rest_route=\/wp\/v2\/pages\/41"}],"collection":[{"href":"https:\/\/www.djk-wenighoesbach.de\/index.php?rest_route=\/wp\/v2\/pages"}],"about":[{"href":"https:\/\/www.djk-wenighoesbach.de\/index.php?rest_route=\/wp\/v2\/types\/page"}],"author":[{"embeddable":true,"href":"https:\/\/www.djk-wenighoesbach.de\/index.php?rest_route=\/wp\/v2\/users\/1"}],"replies":[{"embeddable":true,"href":"https:\/\/www.djk-wenighoesbach.de\/index.php?rest_route=%2Fwp%2Fv2%2Fcomments&post=41"}],"version-history":[{"count":192,"href":"https:\/\/www.djk-wenighoesbach.de\/index.php?rest_route=\/wp\/v2\/pages\/41\/revisions"}],"predecessor-version":[{"id":4544,"href":"https:\/\/www.djk-wenighoesbach.de\/index.php?rest_route=\/wp\/v2\/pages\/41\/revisions\/4544"}],"up":[{"embeddable":true,"href":"https:\/\/www.djk-wenighoesbach.de\/index.php?rest_route=\/wp\/v2\/pages\/8"}],"wp:attachment":[{"href":"https:\/\/www.djk-wenighoesbach.de\/index.php?rest_route=%2Fwp%2Fv2%2Fmedia&parent=41"}],"curies":[{"name":"wp","href":"https:\/\/api.w.org\/{rel}","templated":true}]}}