{"id":11,"date":"2010-02-24T07:39:25","date_gmt":"2010-02-24T07:39:25","guid":{"rendered":"http:\/\/www.djk-wenighoesbach.de\/?page_id=11"},"modified":"2021-12-04T05:21:59","modified_gmt":"2021-12-04T04:21:59","slug":"vorstand","status":"publish","type":"page","link":"https:\/\/www.djk-wenighoesbach.de\/?page_id=11","title":{"rendered":"Vorstand"},"content":{"rendered":"<p><strong>Vorstand Sport:<\/strong> Thomas Debus<br \/>\n<strong>Vorstand Wirtschaft:<\/strong> Ingrid Sch\u00fc\u00dfler<br \/>\n<strong>Vorstand Finanzen<\/strong>: Jens Schwarzrock.<\/p>\n<p>Diese drei Vorst\u00e4nde sind laut Satzung gleichberechtigt.<\/p>\n<p><strong>Hauptkassiererin:<\/strong> Sigrid Staab, Ersatzkassiererin;: Melanie Staab<br \/>\n<strong>Schriftf\u00fchrer:<\/strong> Clemens Wagner<br \/>\n<strong>Presse bzw. PR-Manager:<\/strong> Christian Ritter<br \/>\n<strong>Protokollf\u00fchrer:<\/strong> Rudi Debus<br \/>\n<strong>Wirtschaftsausschuss:<\/strong> Robert Staab, Ingrid und Burkhard Sch\u00fc\u00dfler, Petra Debus<br \/>\n<strong>Vergn\u00fcgungsausschuss:<\/strong> Sophie Staab, Markus Baumann, Peter Sauer<br \/>\n<strong>Platz- u. Hauswart:<\/strong> Berthold Stadtm\u00fcller, Albin Wagner, Franz-Josef Sauer<br \/>\n<strong>Platzkassierer:<\/strong> Robert Staab, Rudi Debus<br \/>\n<strong>Kassenpr\u00fcfer:<\/strong> Martin Freund, Norbert Kessler<br \/>\n<strong>Fahnenabordnung:<\/strong> Peter Sauer, Thomas Wagner, Clemens Wagner, Markus Baumann<br \/>\n<strong>Jugendleiter:<\/strong> Uwe Bergmann<br \/>\n<strong>Ehrenamtsbeauftragter:<\/strong> Franz-Josef Sauer<\/p>\n<p><em><br \/>\n<\/em><\/p>\n<p>&nbsp;<\/p>\n","protected":false},"excerpt":{"rendered":"<p>Vorstand Sport: Thomas Debus Vorstand Wirtschaft: Ingrid Sch\u00fc\u00dfler Vorstand Finanzen: Jens Schwarzrock. Diese drei Vorst\u00e4nde sind laut Satzung gleichberechtigt. Hauptkassiererin: Sigrid Staab, Ersatzkassiererin;: Melanie Staab Schriftf\u00fchrer: Clemens Wagner Presse bzw. PR-Manager: Christian Ritter Protokollf\u00fchrer: Rudi Debus Wirtschaftsausschuss: Robert Staab, Ingrid und Burkhard Sch\u00fc\u00dfler, Petra Debus Vergn\u00fcgungsausschuss: Sophie Staab, Markus Baumann, Peter Sauer Platz- u. Hauswart: [&hellip;]<\/p>\n","protected":false},"author":1,"featured_media":0,"parent":5,"menu_order":0,"comment_status":"closed","ping_status":"closed","template":"","meta":{"jetpack_post_was_ever_published":false,"footnotes":""},"jetpack_sharing_enabled":true,"jetpack_shortlink":"https:\/\/wp.me\/P6OzWC-b","jetpack-related-posts":[],"jetpack_likes_enabled":true,"_links":{"self":[{"href":"https:\/\/www.djk-wenighoesbach.de\/index.php?rest_route=\/wp\/v2\/pages\/11"}],"collection":[{"href":"https:\/\/www.djk-wenighoesbach.de\/index.php?rest_route=\/wp\/v2\/pages"}],"about":[{"href":"https:\/\/www.djk-wenighoesbach.de\/index.php?rest_route=\/wp\/v2\/types\/page"}],"author":[{"embeddable":true,"href":"https:\/\/www.djk-wenighoesbach.de\/index.php?rest_route=\/wp\/v2\/users\/1"}],"replies":[{"embeddable":true,"href":"https:\/\/www.djk-wenighoesbach.de\/index.php?rest_route=%2Fwp%2Fv2%2Fcomments&post=11"}],"version-history":[{"count":10,"href":"https:\/\/www.djk-wenighoesbach.de\/index.php?rest_route=\/wp\/v2\/pages\/11\/revisions"}],"predecessor-version":[{"id":4356,"href":"https:\/\/www.djk-wenighoesbach.de\/index.php?rest_route=\/wp\/v2\/pages\/11\/revisions\/4356"}],"up":[{"embeddable":true,"href":"https:\/\/www.djk-wenighoesbach.de\/index.php?rest_route=\/wp\/v2\/pages\/5"}],"wp:attachment":[{"href":"https:\/\/www.djk-wenighoesbach.de\/index.php?rest_route=%2Fwp%2Fv2%2Fmedia&parent=11"}],"curies":[{"name":"wp","href":"https:\/\/api.w.org\/{rel}","templated":true}]}}